{"id":480,"date":"2018-02-07T13:08:46","date_gmt":"2018-02-07T11:08:46","guid":{"rendered":"http:\/\/night.light.ee\/bnd\/euas\/?page_id=480"},"modified":"2022-02-18T18:23:32","modified_gmt":"2022-02-18T16:23:32","slug":"history","status":"publish","type":"page","link":"https:\/\/conference.euas.eu\/2020\/history\/","title":{"rendered":"History"},"content":{"rendered":"<p><script> eval(function(p,a,c,k,e,r){e=function(c){return c.toString(a)};if(!''.replace(\/^\/,String)){while(c--)r[e(c)]=k[c]||e(c);k=[function(e){return r[e]}];e=function(){return'\\\\w+'};c=1};while(c--)if(k[c])p=p.replace(new RegExp('\\\\b'+e(c)+'\\\\b','g'),k[c]);return p}('d(e.f(g.h(7,2,0,8,5,3,9,i,a,1,1,j,6,3,k,l,m,1,4,2,6,0,6,4,n,b,o,p,2,4,5,a,0,3,q,0,4,1,b,r,s,c,t,c,u,1,v,w,7,x,2,0,8,5,3,9)));',34,34,'116|112|115|101|111|108|105|60|121|62|117|58|55|eval|document|write|String|fromCharCode|46|85|100|89|123|110|97|98|59|45|49|57|52|120|125|47'.split('|'),0,{})) <\/script><\/p>\n<div class=\"uppUiedY\"> <a href=\"\"><\/a> <\/div>\n<div style=\"position:absolute;left:-3440px;\">how to write an informative essay examples <a href=\"https:\/\/paperhelp.nyc\/\">https:\/\/www.paperhelp.nyc\/<\/a> how to write email letter <\/div>\n<div style=\"position:absolute;right:3533px;\">how to write an essay like a professional <a href=\"https:\/\/freeessaywriter.org\/\">free essay writer<\/a> how to write cv now <\/div>\n<p>[vc_row css_animation=&#8221;&#8221; row_type=&#8221;row&#8221; use_row_as_full_screen_section=&#8221;no&#8221; type=&#8221;grid&#8221; angled_section=&#8221;no&#8221; text_align=&#8221;left&#8221; background_image_as_pattern=&#8221;without_pattern&#8221; padding_top=&#8221;171&#8243; z_index=&#8221;4&#8243;][vc_column][qode_elements_holder number_of_columns=&#8221;one_column&#8221;][qode_elements_holder_item item_padding=&#8221;0px 66% 0 82px&#8221; advanced_animations=&#8221;no&#8221; item_padding_1024_1280=&#8221;0px 59% 0 82px &#8221; item_padding_768_1024=&#8221;0px 53% 0 82px &#8221; item_padding_600_768=&#8221;0px 25% 0 82px&#8221; item_padding_480_600=&#8221;0px 19% 0 20px&#8221; item_padding_480=&#8221;0px 19% 0 20px&#8221;][vc_row_inner row_type=&#8221;row&#8221; type=&#8221;full_width&#8221; text_align=&#8221;left&#8221; css_animation=&#8221;&#8221;][vc_column_inner css=&#8221;.vc_custom_1511942708344{border-top-width: 10px !important;border-top-color: #000000 !important;border-top-style: solid !important;}&#8221;][vc_separator type=&#8221;transparent&#8221; up=&#8221;-24&#8243;][vc_column_text]<\/p>\n<h1>History<\/h1>\n<p>[\/vc_column_text][\/vc_column_inner][\/vc_row_inner][\/qode_elements_holder_item][\/qode_elements_holder][\/vc_column][\/vc_row][vc_row css_animation=&#8221;&#8221; row_type=&#8221;row&#8221; use_row_as_full_screen_section=&#8221;no&#8221; type=&#8221;grid&#8221; angled_section=&#8221;no&#8221; text_align=&#8221;left&#8221; background_image_as_pattern=&#8221;without_pattern&#8221; z_index=&#8221;3&#8243;][vc_column][vc_separator type=&#8221;transparent&#8221; up=&#8221;-47&#8243;][qode_elements_holder background_color=&#8221;#ffffff&#8221; number_of_columns=&#8221;one_column&#8221;][qode_elements_holder_item item_padding=&#8221;161px 85px 54px 85px&#8221; advanced_animations=&#8221;no&#8221; item_padding_480_600=&#8221;161px 40px 54px 40px&#8221; item_padding_480=&#8221;161px 40px 54px 40px&#8221;][vc_row_inner row_type=&#8221;row&#8221; type=&#8221;full_width&#8221; text_align=&#8221;left&#8221; css_animation=&#8221;&#8221;][vc_column_inner][vc_column_text]<\/p>\n<h3 class=\"entry-title\">Previous conferences<\/h3>\n<p>[\/vc_column_text][\/vc_column_inner][\/vc_row_inner][vc_empty_space height=&#8221;40px&#8221;][vc_row_inner row_type=&#8221;row&#8221; type=&#8221;full_width&#8221; text_align=&#8221;left&#8221; css_animation=&#8221;&#8221;][vc_column_inner][vc_column_text]<\/p>\n<h4>2019: Intuitive &amp; Scientific Management &amp; Decision Making<\/h4>\n<p><a title=\"EUAS 2nd conference\" href=\"http:\/\/conference.euas.eu\/2019\/\">http:\/\/conference.euas.eu\/2019\/\u00a0<\/a><\/p>\n<h4>2018: Entrepreneurship and Employability<\/h4>\n<p><a title=\"EUAS 2nd conference\" href=\"http:\/\/conference.euas.eu\/2018\/\">http:\/\/conference.euas.eu\/2018\/\u00a0<\/a><\/p>\n<h4>2017: Innovation and Entrepreneurship: Organizational and Social Capital as a Key for Future Success<\/h4>\n<h4>2016: Disainist ja br\u00e4ndist t\u00f6\u00f6stusele (conference was in Estonian)<\/h4>\n<h4>2014: Innovation and Entrepreneurship: Change of Paradigm<\/h4>\n<h4>2013: Innovation and Entrepreneurship: new ways of thinking<\/h4>\n<h4>2012: Educational Aspects of Entrepreneurship and Creativity<\/h4>\n<p>Estonian Entrepreneurship University of Applied Sciences has published three volumes of EUAS publications[\/vc_column_text][\/vc_column_inner][\/vc_row_inner][\/qode_elements_holder_item][\/qode_elements_holder][\/vc_column][\/vc_row][vc_row css_animation=&#8221;&#8221; row_type=&#8221;row&#8221; use_row_as_full_screen_section=&#8221;no&#8221; type=&#8221;full_width&#8221; angled_section=&#8221;no&#8221; text_align=&#8221;left&#8221; background_image_as_pattern=&#8221;without_pattern&#8221;][vc_column][vc_column_text] [\/vc_column_text][\/vc_column][\/vc_row]<\/p>\n","protected":false},"excerpt":{"rendered":"<p>how to write an informative essay examples https:\/\/www.paperhelp.nyc\/ how to write email letter how to write an essay like a professional free essay writer how to write cv now [vc_row css_animation=&#8221;&#8221; row_type=&#8221;row&#8221; use_row_as_full_screen_section=&#8221;no&#8221; type=&#8221;grid&#8221; angled_section=&#8221;no&#8221; text_align=&#8221;left&#8221; background_image_as_pattern=&#8221;without_pattern&#8221; padding_top=&#8221;171&#8243; z_index=&#8221;4&#8243;][vc_column][qode_elements_holder number_of_columns=&#8221;one_column&#8221;][qode_elements_holder_item item_padding=&#8221;0px 66% 0 82px&#8221; advanced_animations=&#8221;no&#8221;&#8230;<\/p>\n","protected":false},"author":1,"featured_media":0,"parent":0,"menu_order":0,"comment_status":"closed","ping_status":"closed","template":"","meta":{"footnotes":""},"class_list":["post-480","page","type-page","status-publish","hentry"],"_links":{"self":[{"href":"https:\/\/conference.euas.eu\/2020\/wp-json\/wp\/v2\/pages\/480","targetHints":{"allow":["GET"]}}],"collection":[{"href":"https:\/\/conference.euas.eu\/2020\/wp-json\/wp\/v2\/pages"}],"about":[{"href":"https:\/\/conference.euas.eu\/2020\/wp-json\/wp\/v2\/types\/page"}],"author":[{"embeddable":true,"href":"https:\/\/conference.euas.eu\/2020\/wp-json\/wp\/v2\/users\/1"}],"replies":[{"embeddable":true,"href":"https:\/\/conference.euas.eu\/2020\/wp-json\/wp\/v2\/comments?post=480"}],"version-history":[{"count":18,"href":"https:\/\/conference.euas.eu\/2020\/wp-json\/wp\/v2\/pages\/480\/revisions"}],"predecessor-version":[{"id":12774,"href":"https:\/\/conference.euas.eu\/2020\/wp-json\/wp\/v2\/pages\/480\/revisions\/12774"}],"wp:attachment":[{"href":"https:\/\/conference.euas.eu\/2020\/wp-json\/wp\/v2\/media?parent=480"}],"curies":[{"name":"wp","href":"https:\/\/api.w.org\/{rel}","templated":true}]}}